{"id":2323,"date":"2025-02-25T21:07:09","date_gmt":"2025-02-25T21:07:09","guid":{"rendered":"https:\/\/hurraw.ca\/notre-histoire\/"},"modified":"2025-06-10T22:43:22","modified_gmt":"2025-06-10T22:43:22","slug":"notre-histoire","status":"publish","type":"page","link":"https:\/\/hurraw.ca\/fr\/notre-histoire\/","title":{"rendered":"Notre histoire"},"content":{"rendered":"\t\t<div data-elementor-type=\"wp-page\" data-elementor-id=\"2323\" class=\"elementor elementor-2323 elementor-1633\" data-elementor-post-type=\"page\">\n\t\t\t\t<div class=\"elementor-element elementor-element-225baaf e-flex e-con-boxed e-con e-parent\" data-id=\"225baaf\" data-element_type=\"container\" data-e-type=\"container\">\n\t\t\t\t\t<div class=\"e-con-inner\">\n\t\t\t\t<div class=\"elementor-element elementor-element-cc83bbc elementor-invisible elementor-widget elementor-widget-heading\" data-id=\"cc83bbc\" data-element_type=\"widget\" data-e-type=\"widget\" data-settings=\"{&quot;_animation&quot;:&quot;fadeInRight&quot;,&quot;_animation_delay&quot;:250}\" data-widget_type=\"heading.default\">\n\t\t\t\t<div class=\"elementor-widget-container\">\n\t\t\t\t\t<h1 class=\"elementor-heading-title elementor-size-default\">Notre histoire<\/h1>\t\t\t\t<\/div>\n\t\t\t\t<\/div>\n\t\t\t\t<div class=\"elementor-element elementor-element-dfaa903 elementor-invisible elementor-widget elementor-widget-text-editor\" data-id=\"dfaa903\" data-element_type=\"widget\" data-e-type=\"widget\" data-settings=\"{&quot;_animation&quot;:&quot;fadeInUp&quot;,&quot;_animation_delay&quot;:500}\" data-widget_type=\"text-editor.default\">\n\t\t\t\t<div class=\"elementor-widget-container\">\n\t\t\t\t\t\t\t\t\t<p>Le concept Hurraw est n\u00e9 en 2003. \u00c0 cette \u00e9poque, le fondateur Cyril Lemyre \u00e9tait impliqu\u00e9 dans l\u2019importation d\u2019accessoires pour animaux. Une de ses clientes lui a alors remis un livre intitul\u00e9 Food Pets Die For, par Ann Martin. &nbsp;L\u2019auteur y d\u00e9crit en d\u00e9tail le fonctionnement de l\u2019industrie de la nourriture pour animaux, expliquant que les beaux ingr\u00e9dients frais que l\u2019on voit dans les publicit\u00e9s et sur les emballages ne sont pas repr\u00e9sentatifs des vrais ingr\u00e9dients utilis\u00e9s. Encore sous le choc de ce qu\u2019il vient d\u2019apprendre, et apr\u00e8s avoir v\u00e9rifi\u00e9 les r\u00e9f\u00e9rences pr\u00e9sentes \u00e0 la fin du livre, Cyril Lemyre a d\u00e9cid\u00e9 de tenter une exp\u00e9rience : fabriquer une nourriture pour chien o\u00f9 100% des ingr\u00e9dients sont accept\u00e9s pour la consommation humaine. Si ce qui avait \u00e9t\u00e9 \u00e9crit dans le livre \u00e9tait vrai, alors une telle nourriture devrait donner des r\u00e9sultats de sant\u00e9 \u00e9vidents.&nbsp;<\/p>\n<p>Afin de balancer sa 1e recette, Cyril Lemyre a recrut\u00e9 un nutritionniste travaillant au parc Safari, un zoo tr\u00e8s r\u00e9put\u00e9 situ\u00e9 au Qu\u00e9bec, Canada. Il a alors fabriqu\u00e9 une premi\u00e8re fourn\u00e9e de nourriture afin de la tester sur le chien d\u2019un ami, qui avait de s\u00e9rieux probl\u00e8mes d\u2019allergies. Le chien avait des otites \u00e0 r\u00e9p\u00e9tition, se mangeait les pattes, avait des plaques rouges partout sur la peau, avait perdu pr\u00e8s de 50% de sa fourrure, et \u00e9tait sur la cortisone du v\u00e9t\u00e9rinaire pour le reste de ses jours. Apr\u00e8s huit semaines sur la nourriture, tous les sympt\u00f4mes d\u2019allergies \u00e9taient disparus, et la cortisone avait \u00e9t\u00e9 arr\u00eat\u00e9e.&nbsp;<\/p>\n<p>Pour valider que ce n\u2019\u00e9tait pas un incident isol\u00e9, Cyril Lemyre a pass\u00e9 une fin de semaine compl\u00e8te dans l\u2019un des plus gros march\u00e9 aux puces du Grand Montr\u00e9al afin de trouver le plus grand \u00e9chantillon possible de propri\u00e9taires de chiens qui avaient des probl\u00e8mes de sant\u00e9 avec leur compagnon canin. Apr\u00e8s huit semaines de suivi : les m\u00eames r\u00e9sultats sur toute la ligne! Tous les chiens qui avaient des probl\u00e8mes les ont vu dispara\u00eetre. Devant ces r\u00e9sultats impressionnants, Cyril Lemyre d\u00e9laissa les accessoires pour se lancer dans la fabrication de nourriture pour animaux. Deux conditions s\u2019imposaient: 100% des ingr\u00e9dients utilis\u00e9s devaient \u00eatre approuv\u00e9s pour la consommation humaine, et la nourriture devait \u00eatre fabriqu\u00e9e de mani\u00e8re \u00e0 pr\u00e9server les nutriments originaux au lieu de les d\u00e9truire. Le cru d\u00e9shydrat\u00e9 venait de na\u00eetre!<\/p>\t\t\t\t\t\t\t\t<\/div>\n\t\t\t\t<\/div>\n\t\t\t\t\t<\/div>\n\t\t\t\t<\/div>\n\t\t\t\t<\/div>\n\t\t","protected":false},"excerpt":{"rendered":"<p>Notre histoire Le concept Hurraw est n\u00e9 en 2003. \u00c0 cette \u00e9poque, le fondateur Cyril Lemyre \u00e9tait impliqu\u00e9 dans l\u2019importation d\u2019accessoires pour animaux. Une de ses clientes lui a alors remis un livre intitul\u00e9 Food Pets Die For, par Ann Martin. &nbsp;L\u2019auteur y d\u00e9crit en d\u00e9tail le fonctionnement de l\u2019industrie de la nourriture pour animaux, [&hellip;]<\/p>\n","protected":false},"author":2,"featured_media":0,"parent":0,"menu_order":0,"comment_status":"closed","ping_status":"closed","template":"elementor_header_footer","meta":{"nf_dc_page":"","footnotes":""},"class_list":["post-2323","page","type-page","status-publish","hentry"],"_links":{"self":[{"href":"https:\/\/hurraw.ca\/fr\/wp-json\/wp\/v2\/pages\/2323","targetHints":{"allow":["GET"]}}],"collection":[{"href":"https:\/\/hurraw.ca\/fr\/wp-json\/wp\/v2\/pages"}],"about":[{"href":"https:\/\/hurraw.ca\/fr\/wp-json\/wp\/v2\/types\/page"}],"author":[{"embeddable":true,"href":"https:\/\/hurraw.ca\/fr\/wp-json\/wp\/v2\/users\/2"}],"replies":[{"embeddable":true,"href":"https:\/\/hurraw.ca\/fr\/wp-json\/wp\/v2\/comments?post=2323"}],"version-history":[{"count":5,"href":"https:\/\/hurraw.ca\/fr\/wp-json\/wp\/v2\/pages\/2323\/revisions"}],"predecessor-version":[{"id":2514,"href":"https:\/\/hurraw.ca\/fr\/wp-json\/wp\/v2\/pages\/2323\/revisions\/2514"}],"wp:attachment":[{"href":"https:\/\/hurraw.ca\/fr\/wp-json\/wp\/v2\/media?parent=2323"}],"curies":[{"name":"wp","href":"https:\/\/api.w.org\/{rel}","templated":true}]}}