{"id":2325,"date":"2025-02-25T21:07:31","date_gmt":"2025-02-25T21:07:31","guid":{"rendered":"https:\/\/hurraw.ca\/comment-cest-fabrique\/"},"modified":"2025-06-10T22:43:12","modified_gmt":"2025-06-10T22:43:12","slug":"notre-methode","status":"publish","type":"page","link":"https:\/\/hurraw.ca\/fr\/notre-methode\/","title":{"rendered":"Notre m\u00e9thode"},"content":{"rendered":"\t\t<div data-elementor-type=\"wp-page\" data-elementor-id=\"2325\" class=\"elementor elementor-2325 elementor-1635\" data-elementor-post-type=\"page\">\n\t\t\t\t<div class=\"elementor-element elementor-element-930cb1f e-flex e-con-boxed e-con e-parent\" data-id=\"930cb1f\" data-element_type=\"container\" data-e-type=\"container\">\n\t\t\t\t\t<div class=\"e-con-inner\">\n\t\t\t\t<div class=\"elementor-element elementor-element-32d3e93 elementor-invisible elementor-widget elementor-widget-text-editor\" data-id=\"32d3e93\" data-element_type=\"widget\" data-e-type=\"widget\" data-settings=\"{&quot;_animation&quot;:&quot;fadeInUp&quot;,&quot;_animation_delay&quot;:500}\" data-widget_type=\"text-editor.default\">\n\t\t\t\t<div class=\"elementor-widget-container\">\n\t\t\t\t\t\t\t\t\t<p><b>Fait amusant :<\/b> Saviez-vous que Hurraw est fabriqu\u00e9 dans la toute premi\u00e8re usine \u00e0 z\u00e9ro \u00e9mission de l&#8217;industrie des aliments pour animaux de compagnie ? C&#8217;est l&#8217;une des nombreuses mesures que nous avons prises pour r\u00e9duire notre empreinte \u00e9cologique.<\/p>\t\t\t\t\t\t\t\t<\/div>\n\t\t\t\t<\/div>\n\t\t\t\t<div class=\"elementor-element elementor-element-5f23aaa elementor-invisible elementor-widget elementor-widget-heading\" data-id=\"5f23aaa\" data-element_type=\"widget\" data-e-type=\"widget\" data-settings=\"{&quot;_animation&quot;:&quot;fadeInRight&quot;,&quot;_animation_delay&quot;:250}\" data-widget_type=\"heading.default\">\n\t\t\t\t<div class=\"elementor-widget-container\">\n\t\t\t\t\t<h2 class=\"elementor-heading-title elementor-size-default\">QUE VEUT DIRE CRU D\u00c9SHYDRAT\u00c9?<\/h2>\t\t\t\t<\/div>\n\t\t\t\t<\/div>\n\t\t\t\t<div class=\"elementor-element elementor-element-6ea4347 elementor-invisible elementor-widget elementor-widget-text-editor\" data-id=\"6ea4347\" data-element_type=\"widget\" data-e-type=\"widget\" data-settings=\"{&quot;_animation&quot;:&quot;fadeInUp&quot;,&quot;_animation_delay&quot;:500}\" data-widget_type=\"text-editor.default\">\n\t\t\t\t<div class=\"elementor-widget-container\">\n\t\t\t\t\t\t\t\t\t<p>Le mot cru signifie que nous utilisons les m\u00eames ingr\u00e9dients frais que ceux utilis\u00e9s pour les di\u00e8tes crues congel\u00e9es de qualit\u00e9, et non des ingr\u00e9dients hautement transform\u00e9s sous forme de farine. Cru indique \u00e9galement que la premi\u00e8re partie du proc\u00e9d\u00e9 de fabrication est exactement la m\u00eame que pour les di\u00e8tes crues congel\u00e9es. Le mot cru t\u00e9moigne \u00e9galement des r\u00e9sultats de sant\u00e9 observ\u00e9s sur le chien qui s\u2019apparentent \u00e0 ceux observ\u00e9s quand une di\u00e8te crue de qualit\u00e9 est donn\u00e9e. Le mot d\u00e9shydrat\u00e9 d\u00e9signe la derni\u00e8re \u00e9tape du proc\u00e9d\u00e9 de fabrication. Dans notre cas, une d\u00e9shydratation \u00e0 basse temp\u00e9rature au lieu de la cong\u00e9lation.<\/p>\t\t\t\t\t\t\t\t<\/div>\n\t\t\t\t<\/div>\n\t\t\t\t\t<\/div>\n\t\t\t\t<\/div>\n\t\t<div class=\"elementor-element elementor-element-77dfdfb e-flex e-con-boxed elementor-invisible e-con e-parent\" data-id=\"77dfdfb\" data-element_type=\"container\" data-e-type=\"container\" data-settings=\"{&quot;background_background&quot;:&quot;classic&quot;,&quot;animation&quot;:&quot;fadeInUp&quot;,&quot;animation_delay&quot;:1000}\">\n\t\t\t\t\t<div class=\"e-con-inner\">\n\t\t<div class=\"elementor-element elementor-element-ac0be11 e-con-full e-flex e-con e-child\" data-id=\"ac0be11\" data-element_type=\"container\" data-e-type=\"container\">\n\t\t\t\t<div class=\"elementor-element elementor-element-62b2f94 elementor-widget-tablet__width-initial elementor-widget elementor-widget-image\" data-id=\"62b2f94\" data-element_type=\"widget\" data-e-type=\"widget\" data-widget_type=\"image.default\">\n\t\t\t\t<div class=\"elementor-widget-container\">\n\t\t\t\t\t\t\t\t\t\t\t\t\t\t\t<img fetchpriority=\"high\" decoding=\"async\" width=\"595\" height=\"1313\" src=\"https:\/\/hurraw.ca\/wp-content\/uploads\/2025\/03\/graphique-fr-Copy.png\" class=\"attachment-full size-full wp-image-2300\" alt=\"\" srcset=\"https:\/\/hurraw.ca\/wp-content\/uploads\/2025\/03\/graphique-fr-Copy.png 595w, https:\/\/hurraw.ca\/wp-content\/uploads\/2025\/03\/graphique-fr-Copy-136x300.png 136w, https:\/\/hurraw.ca\/wp-content\/uploads\/2025\/03\/graphique-fr-Copy-464x1024.png 464w\" sizes=\"(max-width: 595px) 100vw, 595px\" \/>\t\t\t\t\t\t\t\t\t\t\t\t\t\t\t<\/div>\n\t\t\t\t<\/div>\n\t\t\t\t<\/div>\n\t\t<div class=\"elementor-element elementor-element-1eeea18 e-con-full e-flex e-con e-child\" data-id=\"1eeea18\" data-element_type=\"container\" data-e-type=\"container\">\n\t\t\t\t<div class=\"elementor-element elementor-element-3ce16eb elementor-widget elementor-widget-heading\" data-id=\"3ce16eb\" data-element_type=\"widget\" data-e-type=\"widget\" data-widget_type=\"heading.default\">\n\t\t\t\t<div class=\"elementor-widget-container\">\n\t\t\t\t\t<h2 class=\"elementor-heading-title elementor-size-default\">POURQUOI FAIRE DU CRU D\u00c9SHYDRAT\u00c9?<\/h2>\t\t\t\t<\/div>\n\t\t\t\t<\/div>\n\t\t\t\t<div class=\"elementor-element elementor-element-c4db626 elementor-widget elementor-widget-text-editor\" data-id=\"c4db626\" data-element_type=\"widget\" data-e-type=\"widget\" data-widget_type=\"text-editor.default\">\n\t\t\t\t<div class=\"elementor-widget-container\">\n\t\t\t\t\t\t\t\t\t<p>Les croquettes repr\u00e9sentent la quasi-totalit\u00e9 des nourritures pour animaux vendues sur le march\u00e9 parce qu\u2019elles sont pratiques \u00e0 nourrir. Cependant, le proc\u00e9d\u00e9 d\u2019extrusion utilis\u00e9 pour les fabriquer d\u00e9truit la majorit\u00e9 des nutriments originaux. Les di\u00e8tes crues congel\u00e9es gagnent en popularit\u00e9 car elles pr\u00e9servent la totalit\u00e9 des nutriments originaux. Cependant, la pr\u00e9paration requise et les risques reli\u00e9s \u00e0 l\u2019alimentation crue font en sorte qu\u2019elles ne sont pas accessibles pour la majorit\u00e9 des consommateurs. Le cru d\u00e9shydrat\u00e9 a pour mission de faire le pont entre ces deux types d\u2019alimentation.<\/p>\t\t\t\t\t\t\t\t<\/div>\n\t\t\t\t<\/div>\n\t\t\t\t<div class=\"elementor-element elementor-element-011a2e4 elementor-widget elementor-widget-heading\" data-id=\"011a2e4\" data-element_type=\"widget\" data-e-type=\"widget\" data-widget_type=\"heading.default\">\n\t\t\t\t<div class=\"elementor-widget-container\">\n\t\t\t\t\t<h2 class=\"elementor-heading-title elementor-size-default\">LE PROC\u00c9D\u00c9 HURRAW<\/h2>\t\t\t\t<\/div>\n\t\t\t\t<\/div>\n\t\t\t\t<div class=\"elementor-element elementor-element-69158c4 elementor-widget elementor-widget-text-editor\" data-id=\"69158c4\" data-element_type=\"widget\" data-e-type=\"widget\" data-widget_type=\"text-editor.default\">\n\t\t\t\t<div class=\"elementor-widget-container\">\n\t\t\t\t\t\t\t\t\t<p>Il y a deux m\u00e9thodes populaires pour d\u00e9shydrater de la nourriture, soit le s\u00e9chage \u00e0 l\u2019air ou la lyophilisation. Ces deux m\u00e9thodes ont cependant deux effets ind\u00e9sirables sur la nourriture : elles la rendent soit trop dispendieuse \u00e0 nourrir, ou transforme la nourriture en poudre qui doit \u00eatre r\u00e9hydrat\u00e9e. L\u2019id\u00e9e est bonne, mais l\u2019ex\u00e9cution n\u2019est pas encore \u00e0 point. Jusqu\u2019\u00e0 maintenant!<\/p><p>La cl\u00e9 du succ\u00e8s pour HURRAW est dans sa nouvelle m\u00e9thode de fabrication. Apr\u00e8s plus de 14 ans d\u2019exp\u00e9rience dans le domaine, l\u2019\u00e9quipe de HURRAW a mis au point en 2017 un proc\u00e9d\u00e9 hybride entre la lyophilisation et le s\u00e9chage \u00e0 l\u2019air. En faisant un vide partiel dans ses d\u00e9shydrateurs, ce qui fait sortir l\u2019eau du produit, l\u2019\u00e9quipe a r\u00e9ussie \u00e0 r\u00e9duire consid\u00e9rablement la temp\u00e9rature de l\u2019air utilis\u00e9 pour ventiler cette humidit\u00e9. Le r\u00e9sultat est une pr\u00e9servation des nutriments originaux qui rivalise avec la lyophilisation, mais \u00e0 un co\u00fbt de fabrication qui est significativement moindre.<\/p><p>Gr\u00e2ce \u00e0 cette innovation, HURRAW est capable d\u2019offrir un produit unique \u00e0 ses clients. HURRAW se nourrit comme des croquettes, sans besoin de r\u00e9hydrater, et \u00e0 un co\u00fbt par portion qui est \u00e9quivalent ou m\u00eame moindre, \u00e0 celui de beaucoup de croquettes sur le march\u00e9. Donc sans changer son budget, le consommateur est capable d\u2019observer sur son chien des r\u00e9sultats de sant\u00e9 comparables \u00e0 ceux fournis par l\u2019alimentation crue. Notre mission d\u2019entreprise le dit bien d\u2019ailleurs, \u00ab Nous rendons accessibles \u00e0 tous les avantages de l\u2019alimentation crue \u00bb.<\/p>\t\t\t\t\t\t\t\t<\/div>\n\t\t\t\t<\/div>\n\t\t\t\t<\/div>\n\t\t\t\t\t<\/div>\n\t\t\t\t<\/div>\n\t\t<div class=\"elementor-element elementor-element-1ff6dd1 e-flex e-con-boxed e-con e-parent\" data-id=\"1ff6dd1\" data-element_type=\"container\" data-e-type=\"container\">\n\t\t\t\t\t<div class=\"e-con-inner\">\n\t\t<div class=\"elementor-element elementor-element-4db2998 e-con-full e-flex elementor-invisible e-con e-child\" data-id=\"4db2998\" data-element_type=\"container\" data-e-type=\"container\" data-settings=\"{&quot;animation&quot;:&quot;fadeInLeft&quot;}\">\n\t\t\t\t<div class=\"elementor-element elementor-element-1652ebd elementor-widget elementor-widget-text-editor\" data-id=\"1652ebd\" data-element_type=\"widget\" data-e-type=\"widget\" data-widget_type=\"text-editor.default\">\n\t\t\t\t<div class=\"elementor-widget-container\">\n\t\t\t\t\t\t\t\t\t<table dir=\"ltr\" border=\"1\" cellspacing=\"0\" cellpadding=\"0\" data-sheets-root=\"1\" data-sheets-baot=\"1\"><colgroup> <col width=\"100\"> <col width=\"100\"> <col width=\"100\"> <col width=\"100\"><\/colgroup><tbody><tr> <td> <\/td><td>Croquettes<\/td><td>Crues<\/td><td>Hurraw<\/td><\/tr><tr><td>Facilit\u00e9 d&#8217;alimentation<\/td><td>\u2705<\/td><td>\u274c<\/td><td>\u2705<\/td><\/tr><tr><td>Faible co\u00fbt par portion<\/td><td>\u2705<\/td><td>\u274c<\/td><td>\u2705<\/td><\/tr><tr><td>Familier<\/td><td>\u2705<\/td><td>\u274c<\/td><td>\u2705<\/td><\/tr><tr><td>Int\u00e9grit\u00e9 nutritionnelle<\/td><td>\u274c<\/td><td>\u2705<\/td><td>\u2705<\/td><\/tr><tr><td>App\u00e9tence<\/td><td>\u274c<\/td><td>\u2705<\/td><td>\u2705<\/td><\/tr><tr><td>R\u00e9sultats en mati\u00e8re de sant\u00e9<\/td><td>\u274c<\/td><td>\u2705<\/td><td>\u2705<\/td><\/tr><\/tbody><\/table>\t\t\t\t\t\t\t\t<\/div>\n\t\t\t\t<\/div>\n\t\t\t\t<\/div>\n\t\t<div class=\"elementor-element elementor-element-430d8a2 e-con-full e-flex elementor-invisible e-con e-child\" data-id=\"430d8a2\" data-element_type=\"container\" data-e-type=\"container\" data-settings=\"{&quot;animation&quot;:&quot;fadeInRight&quot;}\">\n\t\t\t\t<div class=\"elementor-element elementor-element-f23981f elementor-widget elementor-widget-image\" data-id=\"f23981f\" data-element_type=\"widget\" data-e-type=\"widget\" data-widget_type=\"image.default\">\n\t\t\t\t<div class=\"elementor-widget-container\">\n\t\t\t\t\t\t\t\t\t\t\t\t\t\t\t<img decoding=\"async\" width=\"1372\" height=\"804\" src=\"https:\/\/hurraw.ca\/wp-content\/uploads\/2025\/03\/packaging.jpg\" class=\"attachment-full size-full wp-image-2304\" alt=\"\" srcset=\"https:\/\/hurraw.ca\/wp-content\/uploads\/2025\/03\/packaging.jpg 1372w, https:\/\/hurraw.ca\/wp-content\/uploads\/2025\/03\/packaging-300x176.jpg 300w, https:\/\/hurraw.ca\/wp-content\/uploads\/2025\/03\/packaging-1024x600.jpg 1024w, https:\/\/hurraw.ca\/wp-content\/uploads\/2025\/03\/packaging-768x450.jpg 768w\" sizes=\"(max-width: 1372px) 100vw, 1372px\" \/>\t\t\t\t\t\t\t\t\t\t\t\t\t\t\t<\/div>\n\t\t\t\t<\/div>\n\t\t\t\t<\/div>\n\t\t\t\t\t<\/div>\n\t\t\t\t<\/div>\n\t\t\t\t<\/div>\n\t\t","protected":false},"excerpt":{"rendered":"<p>Fait amusant : Saviez-vous que Hurraw est fabriqu\u00e9 dans la toute premi\u00e8re usine \u00e0 z\u00e9ro \u00e9mission de l&#8217;industrie des aliments pour animaux de compagnie ? C&#8217;est l&#8217;une des nombreuses mesures que nous avons prises pour r\u00e9duire notre empreinte \u00e9cologique. QUE VEUT DIRE CRU D\u00c9SHYDRAT\u00c9? Le mot cru signifie que nous utilisons les m\u00eames ingr\u00e9dients frais [&hellip;]<\/p>\n","protected":false},"author":2,"featured_media":0,"parent":0,"menu_order":0,"comment_status":"closed","ping_status":"closed","template":"elementor_header_footer","meta":{"nf_dc_page":"","footnotes":""},"class_list":["post-2325","page","type-page","status-publish","hentry"],"_links":{"self":[{"href":"https:\/\/hurraw.ca\/fr\/wp-json\/wp\/v2\/pages\/2325","targetHints":{"allow":["GET"]}}],"collection":[{"href":"https:\/\/hurraw.ca\/fr\/wp-json\/wp\/v2\/pages"}],"about":[{"href":"https:\/\/hurraw.ca\/fr\/wp-json\/wp\/v2\/types\/page"}],"author":[{"embeddable":true,"href":"https:\/\/hurraw.ca\/fr\/wp-json\/wp\/v2\/users\/2"}],"replies":[{"embeddable":true,"href":"https:\/\/hurraw.ca\/fr\/wp-json\/wp\/v2\/comments?post=2325"}],"version-history":[{"count":19,"href":"https:\/\/hurraw.ca\/fr\/wp-json\/wp\/v2\/pages\/2325\/revisions"}],"predecessor-version":[{"id":2543,"href":"https:\/\/hurraw.ca\/fr\/wp-json\/wp\/v2\/pages\/2325\/revisions\/2543"}],"wp:attachment":[{"href":"https:\/\/hurraw.ca\/fr\/wp-json\/wp\/v2\/media?parent=2325"}],"curies":[{"name":"wp","href":"https:\/\/api.w.org\/{rel}","templated":true}]}}