{"id":2329,"date":"2025-02-25T21:08:20","date_gmt":"2025-02-25T21:08:20","guid":{"rendered":"https:\/\/hurraw.ca\/faq\/"},"modified":"2025-06-10T22:44:09","modified_gmt":"2025-06-10T22:44:09","slug":"faq","status":"publish","type":"page","link":"https:\/\/hurraw.ca\/fr\/faq\/","title":{"rendered":"FAQ"},"content":{"rendered":"\t\t<div data-elementor-type=\"wp-page\" data-elementor-id=\"2329\" class=\"elementor elementor-2329 elementor-1640\" data-elementor-post-type=\"page\">\n\t\t\t\t<div class=\"elementor-element elementor-element-f7bee5b e-flex e-con-boxed e-con e-parent\" data-id=\"f7bee5b\" data-element_type=\"container\" data-e-type=\"container\">\n\t\t\t\t\t<div class=\"e-con-inner\">\n\t\t\t\t<div class=\"elementor-element elementor-element-90cbdc4 elementor-invisible elementor-widget elementor-widget-heading\" data-id=\"90cbdc4\" data-element_type=\"widget\" data-e-type=\"widget\" data-settings=\"{&quot;_animation&quot;:&quot;fadeInRight&quot;,&quot;_animation_delay&quot;:250}\" data-widget_type=\"heading.default\">\n\t\t\t\t<div class=\"elementor-widget-container\">\n\t\t\t\t\t<h1 class=\"elementor-heading-title elementor-size-default\">FAQ<\/h1>\t\t\t\t<\/div>\n\t\t\t\t<\/div>\n\t\t\t\t<div class=\"elementor-element elementor-element-1d36efd elementor-invisible elementor-widget elementor-widget-text-editor\" data-id=\"1d36efd\" data-element_type=\"widget\" data-e-type=\"widget\" data-settings=\"{&quot;_animation&quot;:&quot;fadeInUp&quot;}\" data-widget_type=\"text-editor.default\">\n\t\t\t\t<div class=\"elementor-widget-container\">\n\t\t\t\t\t\t\t\t\t<p><strong>Comment dois-je faire la transition entre l\u2019ancienne nourriture et Hurraw?<\/strong><br>Dans la plupart des cas, une transition instantan\u00e9e est ce qui fonctionne le mieux. Remplacez simplement l&#8217;ancien aliment par Hurraw. Nous recommandons de le nourrir deux fois par jour. Pour les chiens dont l&#8217;estomac est plus sensible, vous pouvez essayer de donner la portion quotidienne en trois repas pendant les deux ou trois premi\u00e8res semaines.<\/p>\n<p><strong>Pourquoi mon chien a-t-il toujours l&#8217;air d&#8217;avoir faim ?<\/strong><br>Votre chien peut avoir l&#8217;impression d&#8217;avoir faim au d\u00e9but parce que la portion quotidienne est plus petite que celle \u00e0 laquelle il est habitu\u00e9. Il peut s&#8217;\u00e9couler quelques semaines avant que l&#8217;estomac de votre chien ne se r\u00e9tr\u00e9cisse et ne s&#8217;adapte.<\/p>\n<p><strong>Pourquoi est-ce que je donne \u00e0 mon chien une portion plus petite que sa nourriture actuelle ?<\/strong><br>Parce que les aliments sont plus nutritifs. Gr\u00e2ce \u00e0 notre processus de d\u00e9shydratation unique, nous pr\u00e9servons les nutriments d&#8217;origine, ce qui signifie que vous devez donner moins de nourriture.<\/p>\n<p><strong>Pourquoi mon chien fait-il moins de selles ?<\/strong><br>C&#8217;est simplement parce que votre chien mange moins, et aussi parce qu&#8217;une plus grande partie de la nourriture est dig\u00e9r\u00e9e. Moins d&#8217;entr\u00e9es = moins de sorties ! Ne vous inqui\u00e9tez pas, votre chien n&#8217;est pas constip\u00e9.<\/p>\n<p><strong>Hurraw est-il sans c\u00e9r\u00e9ales et sans gluten ?<\/strong><br>Oui, c&#8217;est le cas !<\/p>\n<p><strong>Dois-je r\u00e9frig\u00e9rer Hurraw s&#8217;il s&#8217;agit d&#8217;un aliment cru ?<\/strong><br>Non. En fait, nous vous recommandons vivement de ne pas le faire. Hurraw est un aliment d\u00e9shydrat\u00e9, ce qui signifie qu&#8217;il se conserve tr\u00e8s bien s&#8217;il reste sec. Le changement de temp\u00e9rature provoqu\u00e9 par l&#8217;entr\u00e9e et la sortie des aliments du r\u00e9frig\u00e9rateur ou du cong\u00e9lateur provoque de la condensation \u00e0 la surface des aliments, ce qui signifie que de l&#8217;eau y est r\u00e9inject\u00e9e. Cela pourrait entra\u00eener la d\u00e9t\u00e9rioration des aliments.<\/p>\t\t\t\t\t\t\t\t<\/div>\n\t\t\t\t<\/div>\n\t\t\t\t\t<\/div>\n\t\t\t\t<\/div>\n\t\t\t\t<\/div>\n\t\t","protected":false},"excerpt":{"rendered":"<p>FAQ Comment dois-je faire la transition entre l\u2019ancienne nourriture et Hurraw?Dans la plupart des cas, une transition instantan\u00e9e est ce qui fonctionne le mieux. Remplacez simplement l&#8217;ancien aliment par Hurraw. Nous recommandons de le nourrir deux fois par jour. Pour les chiens dont l&#8217;estomac est plus sensible, vous pouvez essayer de donner la portion quotidienne [&hellip;]<\/p>\n","protected":false},"author":2,"featured_media":0,"parent":0,"menu_order":0,"comment_status":"closed","ping_status":"closed","template":"elementor_header_footer","meta":{"nf_dc_page":"","footnotes":""},"class_list":["post-2329","page","type-page","status-publish","hentry"],"_links":{"self":[{"href":"https:\/\/hurraw.ca\/fr\/wp-json\/wp\/v2\/pages\/2329","targetHints":{"allow":["GET"]}}],"collection":[{"href":"https:\/\/hurraw.ca\/fr\/wp-json\/wp\/v2\/pages"}],"about":[{"href":"https:\/\/hurraw.ca\/fr\/wp-json\/wp\/v2\/types\/page"}],"author":[{"embeddable":true,"href":"https:\/\/hurraw.ca\/fr\/wp-json\/wp\/v2\/users\/2"}],"replies":[{"embeddable":true,"href":"https:\/\/hurraw.ca\/fr\/wp-json\/wp\/v2\/comments?post=2329"}],"version-history":[{"count":11,"href":"https:\/\/hurraw.ca\/fr\/wp-json\/wp\/v2\/pages\/2329\/revisions"}],"predecessor-version":[{"id":2518,"href":"https:\/\/hurraw.ca\/fr\/wp-json\/wp\/v2\/pages\/2329\/revisions\/2518"}],"wp:attachment":[{"href":"https:\/\/hurraw.ca\/fr\/wp-json\/wp\/v2\/media?parent=2329"}],"curies":[{"name":"wp","href":"https:\/\/api.w.org\/{rel}","templated":true}]}}